{"id":2,"date":"2024-06-19T08:49:24","date_gmt":"2024-06-19T08:49:24","guid":{"rendered":"https:\/\/santarvalley.celeumasandbox.pt\/?page_id=2"},"modified":"2026-01-22T12:33:18","modified_gmt":"2026-01-22T12:33:18","slug":"sobre-nos","status":"publish","type":"page","link":"https:\/\/santarvalley.celeumasandbox.pt\/en\/sobre-nos\/","title":{"rendered":"About Us"},"content":{"rendered":"<p>Biogourmet was born with the mission of promoting the best each region has to offer. We select high-quality local products, made by producers who preserve traditional methods and respect the authenticity of flavors. We believe that each ingredient tells a story, and it is this story that we want to bring to you.<\/p>","protected":false},"excerpt":{"rendered":"<p>Biogourmet was born with the mission of promoting the best each region has to offer. We select high-quality local products, made by producers who preserve traditional methods and respect the authenticity of flavors. We believe that each ingredient tells a story, and it is this story that we want to bring to you.<\/p>","protected":false},"author":1,"featured_media":0,"parent":0,"menu_order":0,"comment_status":"closed","ping_status":"open","template":"page-about.php","meta":{"_acf_changed":false,"footnotes":""},"class_list":["post-2","page","type-page","status-publish","hentry"],"acf":[],"yoast_head":"<!-- This site is optimized with the Yoast SEO plugin v26.4 - https:\/\/yoast.com\/wordpress\/plugins\/seo\/ -->\n<title>Sobre N\u00f3s - Biogourmet<\/title>\n<meta name=\"robots\" content=\"noindex, follow, max-snippet:-1, max-image-preview:large, max-video-preview:-1\" \/>\n<meta property=\"og:locale\" content=\"en_GB\" \/>\n<meta property=\"og:type\" content=\"article\" \/>\n<meta property=\"og:title\" content=\"Sobre N\u00f3s - Biogourmet\" \/>\n<meta property=\"og:description\" content=\"A Biogourmet nasceu com a miss\u00e3o de valorizar o melhor que cada regi\u00e3o tem para oferecer. Selecionamos produtos aut\u00f3ctones de elevada qualidade, trabalhados por produtores que preservam m\u00e9todos tradicionais e respeitam a autenticidade dos sabores. Acreditamos que cada ingrediente conta uma hist\u00f3ria, e \u00e9 essa hist\u00f3ria que queremos levar at\u00e9 si.\" \/>\n<meta property=\"og:url\" content=\"https:\/\/santarvalley.celeumasandbox.pt\/en\/sobre-nos\/\" \/>\n<meta property=\"og:site_name\" content=\"Biogourmet\" \/>\n<meta property=\"article:modified_time\" content=\"2026-01-22T12:33:18+00:00\" \/>\n<meta name=\"twitter:card\" content=\"summary_large_image\" \/>\n<meta name=\"twitter:label1\" content=\"Estimated reading time\" \/>\n\t<meta name=\"twitter:data1\" content=\"1 minute\" \/>\n<script type=\"application\/ld+json\" class=\"yoast-schema-graph\">{\"@context\":\"https:\/\/schema.org\",\"@graph\":[{\"@type\":\"WebPage\",\"@id\":\"https:\/\/santarvalley.celeumasandbox.pt\/sobre-nos\/\",\"url\":\"https:\/\/santarvalley.celeumasandbox.pt\/sobre-nos\/\",\"name\":\"Sobre N\u00f3s - Biogourmet\",\"isPartOf\":{\"@id\":\"https:\/\/santarvalley.celeumasandbox.pt\/#website\"},\"datePublished\":\"2024-06-19T08:49:24+00:00\",\"dateModified\":\"2026-01-22T12:33:18+00:00\",\"breadcrumb\":{\"@id\":\"https:\/\/santarvalley.celeumasandbox.pt\/sobre-nos\/#breadcrumb\"},\"inLanguage\":\"en-GB\",\"potentialAction\":[{\"@type\":\"ReadAction\",\"target\":[\"https:\/\/santarvalley.celeumasandbox.pt\/sobre-nos\/\"]}]},{\"@type\":\"BreadcrumbList\",\"@id\":\"https:\/\/santarvalley.celeumasandbox.pt\/sobre-nos\/#breadcrumb\",\"itemListElement\":[{\"@type\":\"ListItem\",\"position\":1,\"name\":\"In\u00edcio\",\"item\":\"https:\/\/santarvalley.celeumasandbox.pt\/\"},{\"@type\":\"ListItem\",\"position\":2,\"name\":\"Sobre N\u00f3s\"}]},{\"@type\":\"WebSite\",\"@id\":\"https:\/\/santarvalley.celeumasandbox.pt\/#website\",\"url\":\"https:\/\/santarvalley.celeumasandbox.pt\/\",\"name\":\"Biogourmet\",\"description\":\"\",\"publisher\":{\"@id\":\"https:\/\/santarvalley.celeumasandbox.pt\/#organization\"},\"potentialAction\":[{\"@type\":\"SearchAction\",\"target\":{\"@type\":\"EntryPoint\",\"urlTemplate\":\"https:\/\/santarvalley.celeumasandbox.pt\/?s={search_term_string}\"},\"query-input\":{\"@type\":\"PropertyValueSpecification\",\"valueRequired\":true,\"valueName\":\"search_term_string\"}}],\"inLanguage\":\"en-GB\"},{\"@type\":\"Organization\",\"@id\":\"https:\/\/santarvalley.celeumasandbox.pt\/#organization\",\"name\":\"Biogourmet\",\"url\":\"https:\/\/santarvalley.celeumasandbox.pt\/\",\"logo\":{\"@type\":\"ImageObject\",\"inLanguage\":\"en-GB\",\"@id\":\"https:\/\/santarvalley.celeumasandbox.pt\/#\/schema\/logo\/image\/\",\"url\":\"https:\/\/santarvalley.celeumasandbox.pt\/wp-content\/uploads\/2026\/01\/Logo-Biogourmet-SFundo.png\",\"contentUrl\":\"https:\/\/santarvalley.celeumasandbox.pt\/wp-content\/uploads\/2026\/01\/Logo-Biogourmet-SFundo.png\",\"width\":1341,\"height\":1029,\"caption\":\"Biogourmet\"},\"image\":{\"@id\":\"https:\/\/santarvalley.celeumasandbox.pt\/#\/schema\/logo\/image\/\"}}]}<\/script>\n<!-- \/ Yoast SEO plugin. -->","yoast_head_json":{"title":"Sobre N\u00f3s - Biogourmet","robots":{"index":"noindex","follow":"follow","max-snippet":"max-snippet:-1","max-image-preview":"max-image-preview:large","max-video-preview":"max-video-preview:-1"},"og_locale":"en_GB","og_type":"article","og_title":"Sobre N\u00f3s - Biogourmet","og_description":"A Biogourmet nasceu com a miss\u00e3o de valorizar o melhor que cada regi\u00e3o tem para oferecer. Selecionamos produtos aut\u00f3ctones de elevada qualidade, trabalhados por produtores que preservam m\u00e9todos tradicionais e respeitam a autenticidade dos sabores. Acreditamos que cada ingrediente conta uma hist\u00f3ria, e \u00e9 essa hist\u00f3ria que queremos levar at\u00e9 si.","og_url":"https:\/\/santarvalley.celeumasandbox.pt\/en\/sobre-nos\/","og_site_name":"Biogourmet","article_modified_time":"2026-01-22T12:33:18+00:00","twitter_card":"summary_large_image","twitter_misc":{"Estimated reading time":"1 minute"},"schema":{"@context":"https:\/\/schema.org","@graph":[{"@type":"WebPage","@id":"https:\/\/santarvalley.celeumasandbox.pt\/sobre-nos\/","url":"https:\/\/santarvalley.celeumasandbox.pt\/sobre-nos\/","name":"Sobre N\u00f3s - Biogourmet","isPartOf":{"@id":"https:\/\/santarvalley.celeumasandbox.pt\/#website"},"datePublished":"2024-06-19T08:49:24+00:00","dateModified":"2026-01-22T12:33:18+00:00","breadcrumb":{"@id":"https:\/\/santarvalley.celeumasandbox.pt\/sobre-nos\/#breadcrumb"},"inLanguage":"en-GB","potentialAction":[{"@type":"ReadAction","target":["https:\/\/santarvalley.celeumasandbox.pt\/sobre-nos\/"]}]},{"@type":"BreadcrumbList","@id":"https:\/\/santarvalley.celeumasandbox.pt\/sobre-nos\/#breadcrumb","itemListElement":[{"@type":"ListItem","position":1,"name":"In\u00edcio","item":"https:\/\/santarvalley.celeumasandbox.pt\/"},{"@type":"ListItem","position":2,"name":"Sobre N\u00f3s"}]},{"@type":"WebSite","@id":"https:\/\/santarvalley.celeumasandbox.pt\/#website","url":"https:\/\/santarvalley.celeumasandbox.pt\/","name":"Biogourmet","description":"","publisher":{"@id":"https:\/\/santarvalley.celeumasandbox.pt\/#organization"},"potentialAction":[{"@type":"SearchAction","target":{"@type":"EntryPoint","urlTemplate":"https:\/\/santarvalley.celeumasandbox.pt\/?s={search_term_string}"},"query-input":{"@type":"PropertyValueSpecification","valueRequired":true,"valueName":"search_term_string"}}],"inLanguage":"en-GB"},{"@type":"Organization","@id":"https:\/\/santarvalley.celeumasandbox.pt\/#organization","name":"Biogourmet","url":"https:\/\/santarvalley.celeumasandbox.pt\/","logo":{"@type":"ImageObject","inLanguage":"en-GB","@id":"https:\/\/santarvalley.celeumasandbox.pt\/#\/schema\/logo\/image\/","url":"https:\/\/santarvalley.celeumasandbox.pt\/wp-content\/uploads\/2026\/01\/Logo-Biogourmet-SFundo.png","contentUrl":"https:\/\/santarvalley.celeumasandbox.pt\/wp-content\/uploads\/2026\/01\/Logo-Biogourmet-SFundo.png","width":1341,"height":1029,"caption":"Biogourmet"},"image":{"@id":"https:\/\/santarvalley.celeumasandbox.pt\/#\/schema\/logo\/image\/"}}]}},"_links":{"self":[{"href":"https:\/\/santarvalley.celeumasandbox.pt\/en\/wp-json\/wp\/v2\/pages\/2","targetHints":{"allow":["GET"]}}],"collection":[{"href":"https:\/\/santarvalley.celeumasandbox.pt\/en\/wp-json\/wp\/v2\/pages"}],"about":[{"href":"https:\/\/santarvalley.celeumasandbox.pt\/en\/wp-json\/wp\/v2\/types\/page"}],"author":[{"embeddable":true,"href":"https:\/\/santarvalley.celeumasandbox.pt\/en\/wp-json\/wp\/v2\/users\/1"}],"replies":[{"embeddable":true,"href":"https:\/\/santarvalley.celeumasandbox.pt\/en\/wp-json\/wp\/v2\/comments?post=2"}],"version-history":[{"count":66,"href":"https:\/\/santarvalley.celeumasandbox.pt\/en\/wp-json\/wp\/v2\/pages\/2\/revisions"}],"predecessor-version":[{"id":8815,"href":"https:\/\/santarvalley.celeumasandbox.pt\/en\/wp-json\/wp\/v2\/pages\/2\/revisions\/8815"}],"wp:attachment":[{"href":"https:\/\/santarvalley.celeumasandbox.pt\/en\/wp-json\/wp\/v2\/media?parent=2"}],"curies":[{"name":"wp","href":"https:\/\/api.w.org\/{rel}","templated":true}]}}